{"id":189,"date":"2024-08-25T13:45:10","date_gmt":"2024-08-25T13:45:10","guid":{"rendered":"https:\/\/collegeprevert.com\/?page_id=189"},"modified":"2025-09-01T04:27:41","modified_gmt":"2025-09-01T04:27:41","slug":"acceder-a-pronote","status":"publish","type":"page","link":"https:\/\/collegeprevert.com\/index.php\/acceder-a-pronote\/","title":{"rendered":"Acc\u00e9der \u00e0 Pronote"},"content":{"rendered":"<h3 style=\"text-align: center;\"><a href=\"https:\/\/0770030p.net\/\" target=\"_blank\" rel=\"noopener\"><img loading=\"lazy\" decoding=\"async\" class=\"aligncenter wp-image-183\" src=\"https:\/\/collegeprevert.com\/wp-content\/uploads\/2024\/08\/Ponote_Logo.png\" alt=\"Acc\u00e9der \u00e0 Pronote\" width=\"104\" height=\"91\" \/><\/a><span style=\"color: #339966;\">ACC\u00c9DER A PRONOTE<br \/>\n(Ouverture le 02 septembre 2025 &#8211; 12h00)<\/span><\/h3>\n<hr \/>\n<h3 style=\"text-align: center;\"><span style=\"color: #339966;\"><strong>Pour en savoir plus<\/strong><\/span><\/h3>\n<h6 style=\"text-align: center;\"><a href=\"https:\/\/collegeprevert.com\/Documents_Site_College\/Atelier_Aidants_Numeriques_et_PRONOTE_pour_les_CM2_mai2024.pdf\" target=\"_blank\" rel=\"noopener\">Si vous \u00eates \u00e9l\u00e8ve en 6\u00e8me, cliquez ici<\/a><br \/>\n<a href=\"https:\/\/www.index-education.com\/fr\/tutoriels-video-pronote-familles.php\">Si vous \u00eates \u00e9l\u00e8ve en 5\u00e8me, 4\u00e8me &amp; 3\u00e8me, cliquez ici<\/a><br \/>\n<a href=\"https:\/\/collegeprevert.com\/Documents_Site_College\/Aide-Memoire-Espace-Parents-PRONOTE-FR-2023.pdf\" target=\"_blank\" rel=\"noopener\">Si vous \u00eates parent, cliquez ici<\/a><br \/>\n<a href=\"https:\/\/collegeprevert.com\/Documents_Site_College\/Aide-Memoire-espace-professeurs-pronote-fr-2023.pdf\" target=\"_blank\" rel=\"noopener\">Si vous \u00eates enseignant, cliquez ici<\/a><br \/>\n<a href=\"https:\/\/collegeprevert.com\/Documents_Site_College\/Atelier_Aidants_Numeriques_et_PRONOTE_2023.pdf\" target=\"_blank\" rel=\"noopener\">Si vous \u00eates accompagnant, cliquez ici<\/a><\/h6>\n<h6 style=\"text-align: center;\"><a href=\"https:\/\/collegeprevert.com\/Documents_Site_College\/Raccourcis-clavier-EDT-PRONOTE.pdf\" target=\"_blank\" rel=\"noopener\">Les \u00ab\u00a0raccourcis clavier\u00a0\u00bb qui font gagner du temps<\/a><\/h6>\n<h6><\/h6>\n","protected":false},"excerpt":{"rendered":"<p>ACC\u00c9DER A PRONOTE (Ouverture le 02 septembre 2025 &#8211; 12h00) Pour en savoir plus Si vous \u00eates \u00e9l\u00e8ve en 6\u00e8me, cliquez ici Si vous \u00eates \u00e9l\u00e8ve en 5\u00e8me, 4\u00e8me &amp; 3\u00e8me, cliquez ici Si vous \u00eates parent, cliquez ici Si vous \u00eates enseignant, cliquez ici Si vous \u00eates accompagnant, cliquez ici Les \u00ab\u00a0raccourcis clavier\u00a0\u00bb qui&#8230;<\/p>\n","protected":false},"author":1,"featured_media":0,"parent":0,"menu_order":0,"comment_status":"closed","ping_status":"closed","template":"fullwidth-template.php","meta":{"footnotes":""},"class_list":["post-189","page","type-page","status-publish","hentry"],"_links":{"self":[{"href":"https:\/\/collegeprevert.com\/index.php\/wp-json\/wp\/v2\/pages\/189","targetHints":{"allow":["GET"]}}],"collection":[{"href":"https:\/\/collegeprevert.com\/index.php\/wp-json\/wp\/v2\/pages"}],"about":[{"href":"https:\/\/collegeprevert.com\/index.php\/wp-json\/wp\/v2\/types\/page"}],"author":[{"embeddable":true,"href":"https:\/\/collegeprevert.com\/index.php\/wp-json\/wp\/v2\/users\/1"}],"replies":[{"embeddable":true,"href":"https:\/\/collegeprevert.com\/index.php\/wp-json\/wp\/v2\/comments?post=189"}],"version-history":[{"count":17,"href":"https:\/\/collegeprevert.com\/index.php\/wp-json\/wp\/v2\/pages\/189\/revisions"}],"predecessor-version":[{"id":324,"href":"https:\/\/collegeprevert.com\/index.php\/wp-json\/wp\/v2\/pages\/189\/revisions\/324"}],"wp:attachment":[{"href":"https:\/\/collegeprevert.com\/index.php\/wp-json\/wp\/v2\/media?parent=189"}],"curies":[{"name":"wp","href":"https:\/\/api.w.org\/{rel}","templated":true}]}}