{"id":218,"date":"2024-08-26T16:27:14","date_gmt":"2024-08-26T16:27:14","guid":{"rendered":"https:\/\/collegeprevert.com\/?page_id=218"},"modified":"2025-09-01T04:23:27","modified_gmt":"2025-09-01T04:23:27","slug":"rentree-des-eleves","status":"publish","type":"page","link":"https:\/\/collegeprevert.com\/index.php\/rentree-des-eleves\/","title":{"rendered":"Rentr\u00e9e des \u00e9l\u00e8ves"},"content":{"rendered":"<p><a href=\"https:\/\/collegeprevert.com\/wp-content\/uploads\/2025\/08\/Informations_de_rentree_Famille_2025-2026.pdf\" target=\"_blank\" rel=\"noopener\"><img loading=\"lazy\" decoding=\"async\" class=\"aligncenter wp-image-233 size-full\" src=\"https:\/\/collegeprevert.com\/wp-content\/uploads\/2024\/08\/eleves.jpg\" alt=\"\" width=\"612\" height=\"240\" srcset=\"https:\/\/collegeprevert.com\/wp-content\/uploads\/2024\/08\/eleves.jpg 612w, https:\/\/collegeprevert.com\/wp-content\/uploads\/2024\/08\/eleves-300x118.jpg 300w\" sizes=\"auto, (max-width: 612px) 100vw, 612px\" \/><\/a><\/p>\n<h1 style=\"text-align: center;\"><a href=\"https:\/\/collegeprevert.com\/wp-content\/uploads\/2025\/08\/Informations_de_rentree_Famille_2025-2026.pdf\" target=\"_blank\" rel=\"noopener\">CLIQUEZ ICI<\/a><\/h1>\n","protected":false},"excerpt":{"rendered":"<p>CLIQUEZ ICI<\/p>\n","protected":false},"author":1,"featured_media":0,"parent":0,"menu_order":0,"comment_status":"closed","ping_status":"closed","template":"","meta":{"footnotes":""},"class_list":["post-218","page","type-page","status-publish","hentry"],"_links":{"self":[{"href":"https:\/\/collegeprevert.com\/index.php\/wp-json\/wp\/v2\/pages\/218","targetHints":{"allow":["GET"]}}],"collection":[{"href":"https:\/\/collegeprevert.com\/index.php\/wp-json\/wp\/v2\/pages"}],"about":[{"href":"https:\/\/collegeprevert.com\/index.php\/wp-json\/wp\/v2\/types\/page"}],"author":[{"embeddable":true,"href":"https:\/\/collegeprevert.com\/index.php\/wp-json\/wp\/v2\/users\/1"}],"replies":[{"embeddable":true,"href":"https:\/\/collegeprevert.com\/index.php\/wp-json\/wp\/v2\/comments?post=218"}],"version-history":[{"count":7,"href":"https:\/\/collegeprevert.com\/index.php\/wp-json\/wp\/v2\/pages\/218\/revisions"}],"predecessor-version":[{"id":321,"href":"https:\/\/collegeprevert.com\/index.php\/wp-json\/wp\/v2\/pages\/218\/revisions\/321"}],"wp:attachment":[{"href":"https:\/\/collegeprevert.com\/index.php\/wp-json\/wp\/v2\/media?parent=218"}],"curies":[{"name":"wp","href":"https:\/\/api.w.org\/{rel}","templated":true}]}}